{"id":21,"date":"2020-06-17T14:40:29","date_gmt":"2020-06-17T14:40:29","guid":{"rendered":"http:\/\/capitalcontabilidade.net.br\/?page_id=21"},"modified":"2025-03-06T20:01:15","modified_gmt":"2025-03-06T20:01:15","slug":"home","status":"publish","type":"page","link":"https:\/\/capitalcontabilidade.net.br\/","title":{"rendered":"HOME"},"content":{"rendered":"<div class=\"slider-wrapper relative \" id=\"slider-499540137\" >\n    <div class=\"slider slider-nav-circle slider-nav-large slider-nav-light slider-style-normal\"\n        data-flickity-options='{\n            \"cellAlign\": \"center\",\n            \"imagesLoaded\": true,\n            \"lazyLoad\": 1,\n            \"freeScroll\": false,\n            \"wrapAround\": true,\n            \"autoPlay\": 6000,\n            \"pauseAutoPlayOnHover\" : true,\n            \"prevNextButtons\": true,\n            \"contain\" : true,\n            \"adaptiveHeight\" : true,\n            \"dragThreshold\" : 5,\n            \"percentPosition\": true,\n            \"pageDots\": true,\n            \"rightToLeft\": false,\n            \"draggable\": true,\n            \"selectedAttraction\": 0.1,\n            \"parallax\" : 0,\n            \"friction\": 0.6        }'\n        >\n        \n\n  <div class=\"banner has-hover has-slide-effect slide-zoom-in\" id=\"banner-576122813\">\n          <div class=\"banner-inner fill\">\n        <div class=\"banner-bg fill\" >\n            <div class=\"bg fill bg-fill \"><\/div>\n                        <div class=\"overlay\"><\/div>            \n                    <\/div><!-- bg-layers -->\n        <div class=\"banner-layers container\">\n            <div class=\"fill banner-link\"><\/div>            \n   <div id=\"text-box-929305989\" class=\"text-box banner-layer x50 md-x50 lg-x50 y50 md-y50 lg-y50 res-text\">\n                     <div data-animate=\"fadeInLeft\">           <div class=\"text dark\">\n              \n              <div class=\"text-inner text-center\">\n                  \n<h2>Gerenciamento de Fluxo de Caixa. <font color=\"#FF6600\">As Melhores Pr\u00e1ticas Fiscais para Seu Neg\u00f3cio.<\/font><\/h2>\n<div class=\"is-divider divider clearfix\" style=\"max-width:0px;height:7px;\"><\/div><!-- .divider -->\n\t<div class=\"img has-hover x md-x lg-x y md-y lg-y\" id=\"image_328530038\">\n\t\t<a href=\"https:\/\/api.whatsapp.com\/send?phone=5565996756596&text=Ol%C3%A1,%20peguei%20seu%20*contato%20no%20site*.%20Pode%20me%20atender?\" target=\"_self\" class=\"\">\t\t\t\t<div data-animate=\"blurIn\">\t\t<div class=\"img-inner dark\" >\n\t\t\t<img loading=\"lazy\" decoding=\"async\" width=\"500\" height=\"154\" src=\"https:\/\/capitalcontabilidade.net.br\/wp-content\/uploads\/2025\/03\/what.png\" class=\"attachment-large size-large\" alt=\"\" srcset=\"https:\/\/capitalcontabilidade.net.br\/wp-content\/uploads\/2025\/03\/what.png 500w, https:\/\/capitalcontabilidade.net.br\/wp-content\/uploads\/2025\/03\/what-300x92.png 300w\" sizes=\"auto, (max-width: 500px) 100vw, 500px\" \/>\t\t\t\t\t\t\n\t\t\t\t\t<\/div>\n\t\t<\/div>\t\t\t\t<\/a>\t\t\n<style scope=\"scope\">\n\n#image_328530038 {\n  width: 50%;\n}\n<\/style>\n\t<\/div>\n\t\n              <\/div>\n           <\/div><!-- text-box-inner -->\n       <\/div>                     \n<style scope=\"scope\">\n\n#text-box-929305989 {\n  width: 60%;\n}\n#text-box-929305989 .text {\n  font-size: 100%;\n}\n<\/style>\n    <\/div><!-- text-box -->\n \n        <\/div><!-- .banner-layers -->\n      <\/div><!-- .banner-inner -->\n\n            \n<style scope=\"scope\">\n\n#banner-576122813 {\n  padding-top: 459px;\n}\n#banner-576122813 .bg.bg-loaded {\n  background-image: url(https:\/\/capitalcontabilidade.net.br\/wp-content\/uploads\/2025\/03\/Design-sem-nome-1.png);\n}\n#banner-576122813 .overlay {\n  background-color: rgba(0, 0, 0, 0.69);\n}\n<\/style>\n  <\/div><!-- .banner -->\n\n\n     <\/div>\n\n     <div class=\"loading-spin dark large centered\"><\/div>\n\n     <style scope=\"scope\">\n             <\/style>\n<\/div><!-- .ux-slider-wrapper -->\n\n\n\n  <div class=\"banner has-hover\" id=\"banner-98364191\">\n          <div class=\"banner-inner fill\">\n        <div class=\"banner-bg fill\" >\n            <div class=\"bg fill bg-fill \"><\/div>\n                                    \n                    <\/div><!-- bg-layers -->\n        <div class=\"banner-layers container\">\n            <div class=\"fill banner-link\"><\/div>            \n   <div id=\"text-box-756401465\" class=\"text-box banner-layer x50 md-x50 lg-x50 y50 md-y50 lg-y50 res-text\">\n                                <div class=\"text dark\">\n              \n              <div class=\"text-inner text-center\">\n                  \n<h2><span style=\"font-size: 95%;\">Atendemos empresas comerciais, prestadores de servi\u00e7os, ind\u00fastrias e profissionais liberais.<\/span><\/h2>\n              <\/div>\n           <\/div><!-- text-box-inner -->\n                            \n<style scope=\"scope\">\n\n#text-box-756401465 {\n  width: 100%;\n}\n#text-box-756401465 .text {\n  font-size: 100%;\n}\n<\/style>\n    <\/div><!-- text-box -->\n \n        <\/div><!-- .banner-layers -->\n      <\/div><!-- .banner-inner -->\n\n            \n<style scope=\"scope\">\n\n#banner-98364191 {\n  padding-top: 169px;\n  background-color: rgb(255, 102, 0);\n}\n\n\n@media (min-width:550px) {\n\n  #banner-98364191 {\n    padding-top: 134px;\n  }\n\n}\n<\/style>\n  <\/div><!-- .banner -->\n\n\n<div class=\"is-divider divider clearfix\" style=\"max-width:0px;height:56px;\"><\/div><!-- .divider -->\n<div class=\"container section-title-container\" ><h3 class=\"section-title section-title-bold-center\"><b><\/b><span class=\"section-title-main\" style=\"font-size:128%;color:rgb(249, 107, 11);\"><i class=\"icon-checkmark\" ><\/i>NOSSO DIFERENCIAL<\/span><b><\/b><\/h3><\/div><!-- .section-title -->\n<div class=\"row\"  id=\"row-970687807\">\n<div class=\"col medium-4 small-12 large-4\"  ><div class=\"col-inner\"  >\n\n\t\t<div class=\"icon-box featured-box icon-box-center text-center\"  >\n\t\t\t\t\t<div class=\"icon-box-img\" style=\"width: 84px\">\n\t\t\t\t<div class=\"icon\">\n\t\t\t\t\t<div class=\"icon-inner\" >\n\t\t\t\t\t\t<img loading=\"lazy\" decoding=\"async\" width=\"200\" height=\"200\" src=\"https:\/\/capitalcontabilidade.net.br\/wp-content\/uploads\/2020\/07\/capital-contabilidade-cuiaba-cursos-de-contabilidade-contabil-contador-1.png\" class=\"attachment-medium size-medium\" alt=\"\" srcset=\"https:\/\/capitalcontabilidade.net.br\/wp-content\/uploads\/2020\/07\/capital-contabilidade-cuiaba-cursos-de-contabilidade-contabil-contador-1.png 200w, https:\/\/capitalcontabilidade.net.br\/wp-content\/uploads\/2020\/07\/capital-contabilidade-cuiaba-cursos-de-contabilidade-contabil-contador-1-150x150.png 150w\" sizes=\"auto, (max-width: 200px) 100vw, 200px\" \/>\t\t\t\t\t<\/div>\n\t\t\t\t<\/div>\n\t\t\t<\/div>\n\t\t\t\t<div class=\"icon-box-text last-reset\">\n\t\t\t\t\t\t\t\t\t\n<h3>PROFISSIONALISMO<\/h3>\n<p>Estamos inseridos num processo ininterrupto de aprendizado, onde cada vez mais procuramos interar com as novidades e repassarmos ao nossos clientes amigos.<\/p>\n\t\t<\/div>\n\t<\/div><!-- .icon-box -->\n\t\n\t\n<\/div><\/div>\n<div class=\"col medium-4 small-12 large-4\"  ><div class=\"col-inner\"  >\n\n\t\t<div class=\"icon-box featured-box icon-box-center text-center\"  >\n\t\t\t\t\t<div class=\"icon-box-img\" style=\"width: 84px\">\n\t\t\t\t<div class=\"icon\">\n\t\t\t\t\t<div class=\"icon-inner\" >\n\t\t\t\t\t\t<img loading=\"lazy\" decoding=\"async\" width=\"200\" height=\"200\" src=\"https:\/\/capitalcontabilidade.net.br\/wp-content\/uploads\/2020\/07\/capital-contabilidade-cuiaba-cursos-de-contabilidade-contabil-contador-2.png\" class=\"attachment-medium size-medium\" alt=\"\" srcset=\"https:\/\/capitalcontabilidade.net.br\/wp-content\/uploads\/2020\/07\/capital-contabilidade-cuiaba-cursos-de-contabilidade-contabil-contador-2.png 200w, https:\/\/capitalcontabilidade.net.br\/wp-content\/uploads\/2020\/07\/capital-contabilidade-cuiaba-cursos-de-contabilidade-contabil-contador-2-150x150.png 150w\" sizes=\"auto, (max-width: 200px) 100vw, 200px\" \/>\t\t\t\t\t<\/div>\n\t\t\t\t<\/div>\n\t\t\t<\/div>\n\t\t\t\t<div class=\"icon-box-text last-reset\">\n\t\t\t\t\t\t\t\t\t\n<h3 style=\"text-align: center;\">COMPET\u00caNCIA<\/h3>\n<p style=\"text-align: center;\">Desenvolvemos atividades chaves para a sobreviv\u00eancia da organiza\u00e7\u00e3o, onde os clientes reconhecem como diferencial e que prov\u00eaem vantagens competitivas.<\/p>\n\t\t<\/div>\n\t<\/div><!-- .icon-box -->\n\t\n\t\n<\/div><\/div>\n<div class=\"col medium-4 small-12 large-4\"  ><div class=\"col-inner text-center\"  >\n\n\t\t<div class=\"icon-box featured-box icon-box-center text-center\"  >\n\t\t\t\t\t<div class=\"icon-box-img\" style=\"width: 84px\">\n\t\t\t\t<div class=\"icon\">\n\t\t\t\t\t<div class=\"icon-inner\" >\n\t\t\t\t\t\t<img loading=\"lazy\" decoding=\"async\" width=\"200\" height=\"200\" src=\"https:\/\/capitalcontabilidade.net.br\/wp-content\/uploads\/2020\/07\/capital-contabilidade-cuiaba-cursos-de-contabilidade-contabil-contador-3.png\" class=\"attachment-medium size-medium\" alt=\"\" srcset=\"https:\/\/capitalcontabilidade.net.br\/wp-content\/uploads\/2020\/07\/capital-contabilidade-cuiaba-cursos-de-contabilidade-contabil-contador-3.png 200w, https:\/\/capitalcontabilidade.net.br\/wp-content\/uploads\/2020\/07\/capital-contabilidade-cuiaba-cursos-de-contabilidade-contabil-contador-3-150x150.png 150w\" sizes=\"auto, (max-width: 200px) 100vw, 200px\" \/>\t\t\t\t\t<\/div>\n\t\t\t\t<\/div>\n\t\t\t<\/div>\n\t\t\t\t<div class=\"icon-box-text last-reset\">\n\t\t\t\t\t\t\t\t\t\n<h3 style=\"text-align: center;\">RESULTADOS<\/h3>\n<p style=\"text-align: center;\">S\u00f3 se conquista atrav\u00e9s de um esfor\u00e7o coletivo, procuramos maior integra\u00e7\u00e3o empresa-escrit\u00f3rio com o intuito de fornecermos pe\u00e7as preciosas para obten\u00e7\u00e3o destes.<\/p>\n\t\t<\/div>\n\t<\/div><!-- .icon-box -->\n\t\n\t\n<\/div><\/div>\n<\/div>\n<div class=\"is-divider divider clearfix\" style=\"max-width:0px;height:57px;\"><\/div><!-- .divider -->\n<div class=\"container section-title-container\" ><h3 class=\"section-title section-title-bold-center\"><b><\/b><span class=\"section-title-main\" style=\"font-size:128%;color:rgb(238, 96, 0);\"><i class=\"icon-checkmark\" ><\/i>SOMOS ESPECIALIZADOS EM DIVERSOS SERVI\u00c7OS<\/span><b><\/b><\/h3><\/div><!-- .section-title -->\n<div class=\"is-divider divider clearfix\" style=\"max-width:0px;height:53px;\"><\/div><!-- .divider -->\n<div class=\"row\"  id=\"row-1630597485\">\n<div class=\"col medium-3 small-6 large-3\"  ><div class=\"col-inner\"  >\n\t<div class=\"img has-hover x md-x lg-x y md-y lg-y\" id=\"image_1630302324\">\n\t\t<a href=\"https:\/\/api.whatsapp.com\/send?phone=5565996756596&text=Ol%C3%A1,%20peguei%20seu%20*contato%20no%20site*.%20Pode%20me%20atender?\" target=\"_self\" class=\"\">\t\t\t\t<div data-animate=\"fadeInRight\">\t\t<div class=\"img-inner box-shadow-3-hover dark\" >\n\t\t\t<img loading=\"lazy\" decoding=\"async\" width=\"320\" height=\"320\" src=\"https:\/\/capitalcontabilidade.net.br\/wp-content\/uploads\/2020\/06\/capital-contabilidade-contabilidade-em-cuiab\u00e1-cursos-decontabilidade-online-22.png\" class=\"attachment-original size-original\" alt=\"\" srcset=\"https:\/\/capitalcontabilidade.net.br\/wp-content\/uploads\/2020\/06\/capital-contabilidade-contabilidade-em-cuiab\u00e1-cursos-decontabilidade-online-22.png 320w, https:\/\/capitalcontabilidade.net.br\/wp-content\/uploads\/2020\/06\/capital-contabilidade-contabilidade-em-cuiab\u00e1-cursos-decontabilidade-online-22-300x300.png 300w, https:\/\/capitalcontabilidade.net.br\/wp-content\/uploads\/2020\/06\/capital-contabilidade-contabilidade-em-cuiab\u00e1-cursos-decontabilidade-online-22-150x150.png 150w\" sizes=\"auto, (max-width: 320px) 100vw, 320px\" \/>\t\t\t\t\t\t\n\t\t\t\t\t<\/div>\n\t\t<\/div>\t\t\t\t<\/a>\t\t\n<style scope=\"scope\">\n\n#image_1630302324 {\n  width: 88%;\n}\n<\/style>\n\t<\/div>\n\t\n<\/div><\/div>\n<div class=\"col medium-3 small-6 large-3\"  ><div class=\"col-inner\"  >\n\t<div class=\"img has-hover x md-x lg-x y md-y lg-y\" id=\"image_190711059\">\n\t\t<a href=\"https:\/\/api.whatsapp.com\/send?phone=5565996756596&text=Ol%C3%A1,%20peguei%20seu%20*contato%20no%20site*.%20Pode%20me%20atender?\" target=\"_self\" class=\"\">\t\t\t\t<div data-animate=\"fadeInRight\">\t\t<div class=\"img-inner box-shadow-3-hover dark\" >\n\t\t\t<img loading=\"lazy\" decoding=\"async\" width=\"321\" height=\"320\" src=\"https:\/\/capitalcontabilidade.net.br\/wp-content\/uploads\/2020\/06\/capital-contabilidade-contabilidade-em-cuiab\u00e1-cursos-decontabilidade-online-3.png\" class=\"attachment-large size-large\" alt=\"\" srcset=\"https:\/\/capitalcontabilidade.net.br\/wp-content\/uploads\/2020\/06\/capital-contabilidade-contabilidade-em-cuiab\u00e1-cursos-decontabilidade-online-3.png 321w, https:\/\/capitalcontabilidade.net.br\/wp-content\/uploads\/2020\/06\/capital-contabilidade-contabilidade-em-cuiab\u00e1-cursos-decontabilidade-online-3-300x300.png 300w, https:\/\/capitalcontabilidade.net.br\/wp-content\/uploads\/2020\/06\/capital-contabilidade-contabilidade-em-cuiab\u00e1-cursos-decontabilidade-online-3-150x150.png 150w\" sizes=\"auto, (max-width: 321px) 100vw, 321px\" \/>\t\t\t\t\t\t\n\t\t\t\t\t<\/div>\n\t\t<\/div>\t\t\t\t<\/a>\t\t\n<style scope=\"scope\">\n\n#image_190711059 {\n  width: 88%;\n}\n<\/style>\n\t<\/div>\n\t\n<\/div><\/div>\n<div class=\"col medium-3 small-6 large-3\"  ><div class=\"col-inner\"  >\n\t<div class=\"img has-hover x md-x lg-x y md-y lg-y\" id=\"image_784089444\">\n\t\t<a href=\"https:\/\/api.whatsapp.com\/send?phone=5565996756596&text=Ol%C3%A1,%20peguei%20seu%20*contato%20no%20site*.%20Pode%20me%20atender?\" target=\"_self\" class=\"\">\t\t\t\t<div data-animate=\"fadeInLeft\">\t\t<div class=\"img-inner box-shadow-3-hover dark\" >\n\t\t\t<img loading=\"lazy\" decoding=\"async\" width=\"321\" height=\"321\" src=\"https:\/\/capitalcontabilidade.net.br\/wp-content\/uploads\/2020\/06\/capital-contabilidade-contabilidade-em-cuiab\u00e1-cursos-decontabilidade-online-99.png\" class=\"attachment-large size-large\" alt=\"\" srcset=\"https:\/\/capitalcontabilidade.net.br\/wp-content\/uploads\/2020\/06\/capital-contabilidade-contabilidade-em-cuiab\u00e1-cursos-decontabilidade-online-99.png 321w, https:\/\/capitalcontabilidade.net.br\/wp-content\/uploads\/2020\/06\/capital-contabilidade-contabilidade-em-cuiab\u00e1-cursos-decontabilidade-online-99-300x300.png 300w, https:\/\/capitalcontabilidade.net.br\/wp-content\/uploads\/2020\/06\/capital-contabilidade-contabilidade-em-cuiab\u00e1-cursos-decontabilidade-online-99-150x150.png 150w\" sizes=\"auto, (max-width: 321px) 100vw, 321px\" \/>\t\t\t\t\t\t\n\t\t\t\t\t<\/div>\n\t\t<\/div>\t\t\t\t<\/a>\t\t\n<style scope=\"scope\">\n\n#image_784089444 {\n  width: 88%;\n}\n<\/style>\n\t<\/div>\n\t\n<\/div><\/div>\n<div class=\"col medium-3 small-6 large-3\"  ><div class=\"col-inner\"  >\n\t<div class=\"img has-hover x md-x lg-x y md-y lg-y\" id=\"image_400545072\">\n\t\t<a href=\"https:\/\/api.whatsapp.com\/send?phone=5565996756596&text=Ol%C3%A1,%20peguei%20seu%20*contato%20no%20site*.%20Pode%20me%20atender?\" target=\"_self\" class=\"\">\t\t\t\t<div data-animate=\"fadeInRight\">\t\t<div class=\"img-inner box-shadow-3-hover dark\" >\n\t\t\t<img loading=\"lazy\" decoding=\"async\" width=\"321\" height=\"320\" src=\"https:\/\/capitalcontabilidade.net.br\/wp-content\/uploads\/2020\/06\/capital-contabilidade-contabilidade-em-cuiab\u00e1-cursos-decontabilidade-online-5.png\" class=\"attachment-large size-large\" alt=\"\" srcset=\"https:\/\/capitalcontabilidade.net.br\/wp-content\/uploads\/2020\/06\/capital-contabilidade-contabilidade-em-cuiab\u00e1-cursos-decontabilidade-online-5.png 321w, https:\/\/capitalcontabilidade.net.br\/wp-content\/uploads\/2020\/06\/capital-contabilidade-contabilidade-em-cuiab\u00e1-cursos-decontabilidade-online-5-300x300.png 300w, https:\/\/capitalcontabilidade.net.br\/wp-content\/uploads\/2020\/06\/capital-contabilidade-contabilidade-em-cuiab\u00e1-cursos-decontabilidade-online-5-150x150.png 150w\" sizes=\"auto, (max-width: 321px) 100vw, 321px\" \/>\t\t\t\t\t\t\n\t\t\t\t\t<\/div>\n\t\t<\/div>\t\t\t\t<\/a>\t\t\n<style scope=\"scope\">\n\n#image_400545072 {\n  width: 88%;\n}\n<\/style>\n\t<\/div>\n\t\n<\/div><\/div>\n<\/div>\n<div class=\"row\"  id=\"row-92069248\">\n<div class=\"col medium-3 small-6 large-3\"  ><div class=\"col-inner\"  >\n\t<div class=\"img has-hover x md-x lg-x y md-y lg-y\" id=\"image_1532997319\">\n\t\t<a href=\"https:\/\/api.whatsapp.com\/send?phone=556599982457&text=Ol%C3%A1,%20peguei%20seu%20*contato%20no%20site.*%20Pode%20me%20atender?\" target=\"_self\" class=\"\">\t\t\t\t<div data-animate=\"fadeInLeft\">\t\t<div class=\"img-inner box-shadow-3-hover dark\" >\n\t\t\t<img loading=\"lazy\" decoding=\"async\" width=\"321\" height=\"321\" src=\"https:\/\/capitalcontabilidade.net.br\/wp-content\/uploads\/2020\/06\/capital-contabilidade-contabilidade-em-cuiab\u00e1-cursos-decontabilidade-online-8.png\" class=\"attachment-large size-large\" alt=\"\" srcset=\"https:\/\/capitalcontabilidade.net.br\/wp-content\/uploads\/2020\/06\/capital-contabilidade-contabilidade-em-cuiab\u00e1-cursos-decontabilidade-online-8.png 321w, https:\/\/capitalcontabilidade.net.br\/wp-content\/uploads\/2020\/06\/capital-contabilidade-contabilidade-em-cuiab\u00e1-cursos-decontabilidade-online-8-300x300.png 300w, https:\/\/capitalcontabilidade.net.br\/wp-content\/uploads\/2020\/06\/capital-contabilidade-contabilidade-em-cuiab\u00e1-cursos-decontabilidade-online-8-150x150.png 150w\" sizes=\"auto, (max-width: 321px) 100vw, 321px\" \/>\t\t\t\t\t\t\n\t\t\t\t\t<\/div>\n\t\t<\/div>\t\t\t\t<\/a>\t\t\n<style scope=\"scope\">\n\n#image_1532997319 {\n  width: 88%;\n}\n<\/style>\n\t<\/div>\n\t\n<\/div><\/div>\n<div class=\"col medium-3 small-6 large-3\"  ><div class=\"col-inner\"  >\n\t<div class=\"img has-hover x md-x lg-x y md-y lg-y\" id=\"image_1274007406\">\n\t\t<a href=\"https:\/\/api.whatsapp.com\/send?phone=5565996756596&text=Ol%C3%A1,%20peguei%20seu%20*contato%20no%20site*.%20Pode%20me%20atender?\" target=\"_self\" class=\"\">\t\t\t\t<div data-animate=\"fadeInRight\">\t\t<div class=\"img-inner box-shadow-3-hover dark\" >\n\t\t\t<img loading=\"lazy\" decoding=\"async\" width=\"321\" height=\"320\" src=\"https:\/\/capitalcontabilidade.net.br\/wp-content\/uploads\/2020\/06\/capital-contabilidade-contabilidade-em-cuiab\u00e1-cursos-decontabilidade-online-44.png\" class=\"attachment-large size-large\" alt=\"\" srcset=\"https:\/\/capitalcontabilidade.net.br\/wp-content\/uploads\/2020\/06\/capital-contabilidade-contabilidade-em-cuiab\u00e1-cursos-decontabilidade-online-44.png 321w, https:\/\/capitalcontabilidade.net.br\/wp-content\/uploads\/2020\/06\/capital-contabilidade-contabilidade-em-cuiab\u00e1-cursos-decontabilidade-online-44-300x300.png 300w, https:\/\/capitalcontabilidade.net.br\/wp-content\/uploads\/2020\/06\/capital-contabilidade-contabilidade-em-cuiab\u00e1-cursos-decontabilidade-online-44-150x150.png 150w\" sizes=\"auto, (max-width: 321px) 100vw, 321px\" \/>\t\t\t\t\t\t\n\t\t\t\t\t<\/div>\n\t\t<\/div>\t\t\t\t<\/a>\t\t\n<style scope=\"scope\">\n\n#image_1274007406 {\n  width: 88%;\n}\n<\/style>\n\t<\/div>\n\t\n<\/div><\/div>\n<div class=\"col medium-3 small-6 large-3\"  ><div class=\"col-inner\"  >\n\t<div class=\"img has-hover x md-x lg-x y md-y lg-y\" id=\"image_481301187\">\n\t\t<a href=\"https:\/\/api.whatsapp.com\/send?phone=5565996756596&text=Ol%C3%A1,%20peguei%20seu%20*contato%20no%20site*.%20Pode%20me%20atender?\" target=\"_self\" class=\"\">\t\t\t\t<div data-animate=\"fadeInLeft\">\t\t<div class=\"img-inner box-shadow-3-hover dark\" >\n\t\t\t<img loading=\"lazy\" decoding=\"async\" width=\"320\" height=\"321\" src=\"https:\/\/capitalcontabilidade.net.br\/wp-content\/uploads\/2020\/06\/capital-contabilidade-contabilidade-em-cuiab\u00e1-cursos-decontabilidade-online-6.png\" class=\"attachment-large size-large\" alt=\"\" srcset=\"https:\/\/capitalcontabilidade.net.br\/wp-content\/uploads\/2020\/06\/capital-contabilidade-contabilidade-em-cuiab\u00e1-cursos-decontabilidade-online-6.png 320w, https:\/\/capitalcontabilidade.net.br\/wp-content\/uploads\/2020\/06\/capital-contabilidade-contabilidade-em-cuiab\u00e1-cursos-decontabilidade-online-6-300x300.png 300w, https:\/\/capitalcontabilidade.net.br\/wp-content\/uploads\/2020\/06\/capital-contabilidade-contabilidade-em-cuiab\u00e1-cursos-decontabilidade-online-6-150x150.png 150w\" sizes=\"auto, (max-width: 320px) 100vw, 320px\" \/>\t\t\t\t\t\t\n\t\t\t\t\t<\/div>\n\t\t<\/div>\t\t\t\t<\/a>\t\t\n<style scope=\"scope\">\n\n#image_481301187 {\n  width: 88%;\n}\n<\/style>\n\t<\/div>\n\t\n<\/div><\/div>\n<div class=\"col medium-3 small-6 large-3\"  ><div class=\"col-inner\"  >\n\t<div class=\"img has-hover x md-x lg-x y md-y lg-y\" id=\"image_255862009\">\n\t\t<a href=\"https:\/\/api.whatsapp.com\/send?phone=5565996756596&text=Ol%C3%A1,%20peguei%20seu%20*contato%20no%20site*.%20Pode%20me%20atender?\" target=\"_self\" class=\"\">\t\t\t\t<div data-animate=\"fadeInLeft\">\t\t<div class=\"img-inner box-shadow-3-hover dark\" >\n\t\t\t<img loading=\"lazy\" decoding=\"async\" width=\"321\" height=\"321\" src=\"https:\/\/capitalcontabilidade.net.br\/wp-content\/uploads\/2020\/06\/capital-contabilidade-contabilidade-em-cuiab\u00e1-cursos-decontabilidade-online-77.png\" class=\"attachment-large size-large\" alt=\"\" srcset=\"https:\/\/capitalcontabilidade.net.br\/wp-content\/uploads\/2020\/06\/capital-contabilidade-contabilidade-em-cuiab\u00e1-cursos-decontabilidade-online-77.png 321w, https:\/\/capitalcontabilidade.net.br\/wp-content\/uploads\/2020\/06\/capital-contabilidade-contabilidade-em-cuiab\u00e1-cursos-decontabilidade-online-77-300x300.png 300w, https:\/\/capitalcontabilidade.net.br\/wp-content\/uploads\/2020\/06\/capital-contabilidade-contabilidade-em-cuiab\u00e1-cursos-decontabilidade-online-77-150x150.png 150w\" sizes=\"auto, (max-width: 321px) 100vw, 321px\" \/>\t\t\t\t\t\t\n\t\t\t\t\t<\/div>\n\t\t<\/div>\t\t\t\t<\/a>\t\t\n<style scope=\"scope\">\n\n#image_255862009 {\n  width: 88%;\n}\n<\/style>\n\t<\/div>\n\t\n<\/div><\/div>\n<\/div>\n<div class=\"is-divider divider clearfix\" style=\"max-width:0px;height:28px;\"><\/div><!-- .divider -->\n\n  <div class=\"banner has-hover\" id=\"banner-92721303\">\n          <div class=\"banner-inner fill\">\n        <div class=\"banner-bg fill\" >\n            <div class=\"bg fill bg-fill \"><\/div>\n                        <div class=\"overlay\"><\/div>            \n                    <\/div><!-- bg-layers -->\n        <div class=\"banner-layers container\">\n            <div class=\"fill banner-link\"><\/div>            \n   <div id=\"text-box-931239810\" class=\"text-box banner-layer x50 md-x50 lg-x50 y5 md-y5 lg-y5 res-text\">\n                                <div class=\"text dark\">\n              \n              <div class=\"text-inner text-center\">\n                  \n<h3>ATENDEMOS EM V\u00c1RIOS ESTADOS \u00a0<\/h3>\n<div class=\"is-divider divider clearfix\" style=\"background-color:rgb(255, 71, 0);\"><\/div><!-- .divider -->\n<h1><font color=\"#FF6600\">Transforme Suas Finan\u00e7a. <\/font>Contabilidade Digital para um Novo Tempo<\/h1>\n<div class=\"is-divider divider clearfix\" style=\"background-color:rgb(242, 84, 23);\"><\/div><!-- .divider -->\n\t<div class=\"img has-hover x md-x lg-x y md-y lg-y\" id=\"image_1478200448\">\n\t\t<a href=\"https:\/\/api.whatsapp.com\/send?phone=5565996756596&text=Ol%C3%A1,%20peguei%20seu%20*contato%20no%20site*.%20Pode%20me%20atender?\" target=\"_self\" class=\"\">\t\t\t\t\t\t<div class=\"img-inner dark\" >\n\t\t\t<img loading=\"lazy\" decoding=\"async\" width=\"500\" height=\"154\" src=\"https:\/\/capitalcontabilidade.net.br\/wp-content\/uploads\/2025\/03\/what.png\" class=\"attachment-large size-large\" alt=\"\" srcset=\"https:\/\/capitalcontabilidade.net.br\/wp-content\/uploads\/2025\/03\/what.png 500w, https:\/\/capitalcontabilidade.net.br\/wp-content\/uploads\/2025\/03\/what-300x92.png 300w\" sizes=\"auto, (max-width: 500px) 100vw, 500px\" \/>\t\t\t\t\t\t\n\t\t\t\t\t<\/div>\n\t\t\t\t\t\t<\/a>\t\t\n<style scope=\"scope\">\n\n#image_1478200448 {\n  width: 42%;\n}\n<\/style>\n\t<\/div>\n\t\n              <\/div>\n           <\/div><!-- text-box-inner -->\n                            \n<style scope=\"scope\">\n\n#text-box-931239810 {\n  width: 73%;\n}\n#text-box-931239810 .text {\n  font-size: 100%;\n}\n<\/style>\n    <\/div><!-- text-box -->\n \n        <\/div><!-- .banner-layers -->\n      <\/div><!-- .banner-inner -->\n\n            \n<style scope=\"scope\">\n\n#banner-92721303 {\n  padding-top: 473px;\n}\n#banner-92721303 .overlay {\n  background-color: rgba(0, 0, 0, 0.76);\n}\n<\/style>\n  <\/div><!-- .banner -->\n\n\n","protected":false},"excerpt":{"rendered":"","protected":false},"author":1,"featured_media":0,"parent":0,"menu_order":0,"comment_status":"closed","ping_status":"closed","template":"page-blank.php","meta":{"footnotes":""},"class_list":["post-21","page","type-page","status-publish","hentry"],"_links":{"self":[{"href":"https:\/\/capitalcontabilidade.net.br\/index.php\/wp-json\/wp\/v2\/pages\/21","targetHints":{"allow":["GET"]}}],"collection":[{"href":"https:\/\/capitalcontabilidade.net.br\/index.php\/wp-json\/wp\/v2\/pages"}],"about":[{"href":"https:\/\/capitalcontabilidade.net.br\/index.php\/wp-json\/wp\/v2\/types\/page"}],"author":[{"embeddable":true,"href":"https:\/\/capitalcontabilidade.net.br\/index.php\/wp-json\/wp\/v2\/users\/1"}],"replies":[{"embeddable":true,"href":"https:\/\/capitalcontabilidade.net.br\/index.php\/wp-json\/wp\/v2\/comments?post=21"}],"version-history":[{"count":146,"href":"https:\/\/capitalcontabilidade.net.br\/index.php\/wp-json\/wp\/v2\/pages\/21\/revisions"}],"predecessor-version":[{"id":370,"href":"https:\/\/capitalcontabilidade.net.br\/index.php\/wp-json\/wp\/v2\/pages\/21\/revisions\/370"}],"wp:attachment":[{"href":"https:\/\/capitalcontabilidade.net.br\/index.php\/wp-json\/wp\/v2\/media?parent=21"}],"curies":[{"name":"wp","href":"https:\/\/api.w.org\/{rel}","templated":true}]}}